{"id":10,"date":"2024-02-28T02:35:12","date_gmt":"2024-02-28T01:35:12","guid":{"rendered":"https:\/\/rpennella.eleves.mediamatique.ch\/EportfolioRaffaelePennella\/?page_id=10"},"modified":"2024-03-12T13:41:42","modified_gmt":"2024-03-12T12:41:42","slug":"acceuil","status":"publish","type":"page","link":"https:\/\/rpennella.eleves.mediamatique.ch\/EportfolioRaffaelePennella\/","title":{"rendered":"acceuil"},"content":{"rendered":"\t\t<div data-elementor-type=\"wp-page\" data-elementor-id=\"10\" class=\"elementor elementor-10\" data-elementor-post-type=\"page\">\n\t\t\t\t<div class=\"elementor-element elementor-element-a48cc1b e-flex e-con-boxed wpr-particle-no wpr-jarallax-no wpr-parallax-no wpr-sticky-section-no e-con e-parent\" data-id=\"a48cc1b\" data-element_type=\"container\" data-e-type=\"container\" data-settings=\"{&quot;background_background&quot;:&quot;classic&quot;}\">\n\t\t\t\t\t<div class=\"e-con-inner\">\n\t\t<div class=\"elementor-element elementor-element-4714461 e-flex e-con-boxed wpr-particle-no wpr-jarallax-no wpr-parallax-no wpr-sticky-section-no e-con e-child\" data-id=\"4714461\" data-element_type=\"container\" data-e-type=\"container\">\n\t\t\t\t\t<div class=\"e-con-inner\">\n\t\t\t\t<div class=\"elementor-element elementor-element-85adb1e elementor-widget__width-inherit elementor-widget elementor-widget-image\" data-id=\"85adb1e\" data-element_type=\"widget\" data-e-type=\"widget\" data-widget_type=\"image.default\">\n\t\t\t\t<div class=\"elementor-widget-container\">\n\t\t\t\t\t\t\t\t\t\t\t\t\t\t\t<img decoding=\"async\" src=\"https:\/\/rpennella.eleves.mediamatique.ch\/EportfolioRaffaelePennella\/wp-content\/uploads\/elementor\/thumbs\/Raffaele_Pennella-scaled-qkxgka3enom0oaythub76mjgp66y7m6dlv67tgc6zc.jpg\" title=\"Raffaele_Pennella\" alt=\"Raffaele Pennella \nM\u00e9diamaticien\ndesigner\nVideo\nPhoto\nMarketing\" loading=\"lazy\" \/>\t\t\t\t\t\t\t\t\t\t\t\t\t\t\t<\/div>\n\t\t\t\t<\/div>\n\t\t<div class=\"elementor-element elementor-element-ec3e0a3 e-flex e-con-boxed wpr-particle-no wpr-jarallax-no wpr-parallax-no wpr-sticky-section-no e-con e-child\" data-id=\"ec3e0a3\" data-element_type=\"container\" data-e-type=\"container\">\n\t\t\t\t\t<div class=\"e-con-inner\">\n\t\t\t\t<div class=\"elementor-element elementor-element-1cdc510 elementor-widget__width-inherit elementor-widget elementor-widget-heading\" data-id=\"1cdc510\" data-element_type=\"widget\" data-e-type=\"widget\" data-widget_type=\"heading.default\">\n\t\t\t\t<div class=\"elementor-widget-container\">\n\t\t\t\t\t<h2 class=\"elementor-heading-title elementor-size-default\">Raffaele Pennella<\/h2>\t\t\t\t<\/div>\n\t\t\t\t<\/div>\n\t\t\t\t<div class=\"elementor-element elementor-element-63ee127 elementor-widget elementor-widget-heading\" data-id=\"63ee127\" data-element_type=\"widget\" data-e-type=\"widget\" data-widget_type=\"heading.default\">\n\t\t\t\t<div class=\"elementor-widget-container\">\n\t\t\t\t\t<p class=\"elementor-heading-title elementor-size-default\">Je suis Raffaele Pennella, 18 ans, passionn\u00e9 avant tout. Ma formation actuelle m'a permis de me consacrer \u00e0 ma passion : la cr\u00e9ation. Que ce soit en vid\u00e9o, en graphisme ou en ligne, je suis un cr\u00e9atif dans l'\u00e2me. J'ai aussi d\u00e9velopp\u00e9 mes comp\u00e9tences en marketing et en entrepreneuriat gr\u00e2ce \u00e0 mon option \"cr\u00e9ation d'entreprise\". Mais cela ne me suffit pas. Exigeant envers moi-m\u00eame, je monte actuellement une boutique en ligne avec un ami, en parall\u00e8le de ma pratique du volley dans l\u2019\u00e9quipe de Ste-Croix.<\/p>\t\t\t\t<\/div>\n\t\t\t\t<\/div>\n\t\t\t\t<div class=\"elementor-element elementor-element-633d35c elementor-align-center elementor-widget elementor-widget-button\" data-id=\"633d35c\" data-element_type=\"widget\" data-e-type=\"widget\" data-widget_type=\"button.default\">\n\t\t\t\t<div class=\"elementor-widget-container\">\n\t\t\t\t\t\t\t\t\t<div class=\"elementor-button-wrapper\">\n\t\t\t\t\t<a class=\"elementor-button elementor-button-link elementor-size-sm\" href=\"https:\/\/rpennella.eleves.mediamatique.ch\/EportfolioRaffaelePennella\/acceuil\/a-propos\/\">\n\t\t\t\t\t\t<span class=\"elementor-button-content-wrapper\">\n\t\t\t\t\t\t\t\t\t<span class=\"elementor-button-text\">\u00e0 propos<\/span>\n\t\t\t\t\t<\/span>\n\t\t\t\t\t<\/a>\n\t\t\t\t<\/div>\n\t\t\t\t\t\t\t\t<\/div>\n\t\t\t\t<\/div>\n\t\t\t\t\t<\/div>\n\t\t\t\t<\/div>\n\t\t\t\t\t<\/div>\n\t\t\t\t<\/div>\n\t\t\t\t\t<\/div>\n\t\t\t\t<\/div>\n\t\t<div class=\"elementor-element elementor-element-d59d668 e-con-full e-flex wpr-particle-no wpr-jarallax-no wpr-parallax-no wpr-sticky-section-no e-con e-parent\" data-id=\"d59d668\" data-element_type=\"container\" data-e-type=\"container\" data-settings=\"{&quot;background_background&quot;:&quot;classic&quot;,&quot;shape_divider_top&quot;:&quot;tilt&quot;}\">\n\t\t\t\t<div class=\"elementor-shape elementor-shape-top\" aria-hidden=\"true\" data-negative=\"false\">\n\t\t\t<svg xmlns=\"http:\/\/www.w3.org\/2000\/svg\" viewBox=\"0 0 1000 100\" preserveAspectRatio=\"none\">\n\t<path class=\"elementor-shape-fill\" d=\"M0,6V0h1000v100L0,6z\"\/>\n<\/svg>\t\t<\/div>\n\t\t\t\t<div class=\"elementor-element elementor-element-d14f5af elementor--h-position-center elementor--v-position-middle elementor-arrows-position-inside elementor-pagination-position-inside elementor-widget elementor-widget-slides\" data-id=\"d14f5af\" data-element_type=\"widget\" data-e-type=\"widget\" data-settings=\"{&quot;navigation&quot;:&quot;both&quot;,&quot;autoplay&quot;:&quot;yes&quot;,&quot;pause_on_hover&quot;:&quot;yes&quot;,&quot;pause_on_interaction&quot;:&quot;yes&quot;,&quot;autoplay_speed&quot;:5000,&quot;infinite&quot;:&quot;yes&quot;,&quot;transition&quot;:&quot;slide&quot;,&quot;transition_speed&quot;:500}\" data-widget_type=\"slides.default\">\n\t\t\t\t<div class=\"elementor-widget-container\">\n\t\t\t\t\t\t\t\t\t<div class=\"elementor-swiper\">\n\t\t\t\t\t<div class=\"elementor-slides-wrapper elementor-main-swiper swiper\" role=\"region\" aria-roledescription=\"carousel\" aria-label=\"Diapositives\" dir=\"ltr\" data-animation=\"fadeInUp\">\n\t\t\t\t<div class=\"swiper-wrapper elementor-slides\">\n\t\t\t\t\t\t\t\t\t\t<div class=\"elementor-repeater-item-153b164 swiper-slide\" role=\"group\" aria-roledescription=\"slide\"><div class=\"swiper-slide-bg\" role=\"img\" aria-label=\"ex_dragon\"><\/div><div class=\"elementor-background-overlay\"><\/div><a class=\"swiper-slide-inner\" href=\"https:\/\/rpennella.eleves.mediamatique.ch\/EportfolioRaffaelePennella\/dragon-animation\/\"><div class=\"swiper-slide-contents\"><div class=\"elementor-slide-heading\">Exercice motion design<\/div><div class=\"elementor-slide-description\">Exercices en cours d'animation sur After effects.<\/div><div  class=\"elementor-button elementor-slide-button elementor-size-sm\">plus d'info !<\/div><\/div><\/a><\/div><div class=\"elementor-repeater-item-8e553d1 swiper-slide\" role=\"group\" aria-roledescription=\"slide\"><div class=\"swiper-slide-bg\" role=\"img\" aria-label=\"Banderolle\"><\/div><div class=\"elementor-background-overlay\"><\/div><a class=\"swiper-slide-inner\" href=\"https:\/\/rpennella.eleves.mediamatique.ch\/EportfolioRaffaelePennella\/cie-2-cabourrias\/\"><div class=\"swiper-slide-contents\"><div class=\"elementor-slide-heading\">CIE 2 les Kabourias<\/div><div class=\"elementor-slide-description\">Identit\u00e9 visuelle compl\u00e8te d'une agence de plong\u00e9e.<\/div><div  class=\"elementor-button elementor-slide-button elementor-size-sm\">plus d'info !<\/div><\/div><\/a><\/div>\t\t\t\t<\/div>\n\t\t\t\t\t\t\t\t\t\t\t\t\t\t\t<div class=\"elementor-swiper-button elementor-swiper-button-prev\" role=\"button\" tabindex=\"0\" aria-label=\"Diapositive pr\u00e9c\u00e9dente\">\n\t\t\t\t\t\t\t<svg aria-hidden=\"true\" class=\"e-font-icon-svg e-eicon-chevron-left\" viewBox=\"0 0 1000 1000\" xmlns=\"http:\/\/www.w3.org\/2000\/svg\"><path d=\"M646 125C629 125 613 133 604 142L308 442C296 454 292 471 292 487 292 504 296 521 308 533L604 854C617 867 629 875 646 875 663 875 679 871 692 858 704 846 713 829 713 812 713 796 708 779 692 767L438 487 692 225C700 217 708 204 708 187 708 171 704 154 692 142 675 129 663 125 646 125Z\"><\/path><\/svg>\t\t\t\t\t\t<\/div>\n\t\t\t\t\t\t<div class=\"elementor-swiper-button elementor-swiper-button-next\" role=\"button\" tabindex=\"0\" aria-label=\"Diapositive suivante\">\n\t\t\t\t\t\t\t<svg aria-hidden=\"true\" class=\"e-font-icon-svg e-eicon-chevron-right\" viewBox=\"0 0 1000 1000\" xmlns=\"http:\/\/www.w3.org\/2000\/svg\"><path d=\"M696 533C708 521 713 504 713 487 713 471 708 454 696 446L400 146C388 133 375 125 354 125 338 125 325 129 313 142 300 154 292 171 292 187 292 204 296 221 308 233L563 492 304 771C292 783 288 800 288 817 288 833 296 850 308 863 321 871 338 875 354 875 371 875 388 867 400 854L696 533Z\"><\/path><\/svg>\t\t\t\t\t\t<\/div>\n\t\t\t\t\t\t\t\t\t\t\t\t\t\t\t\t<div class=\"swiper-pagination\"><\/div>\n\t\t\t\t\t\t\t\t\t\t\t\t<\/div>\n\t\t\t\t<\/div>\n\t\t\t\t\t\t\t\t<\/div>\n\t\t\t\t<\/div>\n\t\t\t\t<\/div>\n\t\t\t\t<\/div>\n\t\t","protected":false},"excerpt":{"rendered":"<p>Raffaele Pennella Je suis Raffaele Pennella, 18 ans, passionn\u00e9 avant tout. Ma formation actuelle m&rsquo;a permis de me consacrer \u00e0 ma passion : la cr\u00e9ation. Que ce soit en vid\u00e9o, en graphisme ou en ligne, je suis un cr\u00e9atif dans l&rsquo;\u00e2me. J&rsquo;ai aussi d\u00e9velopp\u00e9 mes comp\u00e9tences en marketing et en entrepreneuriat gr\u00e2ce \u00e0 mon option [&hellip;]<\/p>\n","protected":false},"author":1,"featured_media":0,"parent":0,"menu_order":0,"comment_status":"closed","ping_status":"closed","template":"","meta":{"footnotes":""},"class_list":["post-10","page","type-page","status-publish","hentry"],"_links":{"self":[{"href":"https:\/\/rpennella.eleves.mediamatique.ch\/EportfolioRaffaelePennella\/wp-json\/wp\/v2\/pages\/10","targetHints":{"allow":["GET"]}}],"collection":[{"href":"https:\/\/rpennella.eleves.mediamatique.ch\/EportfolioRaffaelePennella\/wp-json\/wp\/v2\/pages"}],"about":[{"href":"https:\/\/rpennella.eleves.mediamatique.ch\/EportfolioRaffaelePennella\/wp-json\/wp\/v2\/types\/page"}],"author":[{"embeddable":true,"href":"https:\/\/rpennella.eleves.mediamatique.ch\/EportfolioRaffaelePennella\/wp-json\/wp\/v2\/users\/1"}],"replies":[{"embeddable":true,"href":"https:\/\/rpennella.eleves.mediamatique.ch\/EportfolioRaffaelePennella\/wp-json\/wp\/v2\/comments?post=10"}],"version-history":[{"count":115,"href":"https:\/\/rpennella.eleves.mediamatique.ch\/EportfolioRaffaelePennella\/wp-json\/wp\/v2\/pages\/10\/revisions"}],"predecessor-version":[{"id":417,"href":"https:\/\/rpennella.eleves.mediamatique.ch\/EportfolioRaffaelePennella\/wp-json\/wp\/v2\/pages\/10\/revisions\/417"}],"wp:attachment":[{"href":"https:\/\/rpennella.eleves.mediamatique.ch\/EportfolioRaffaelePennella\/wp-json\/wp\/v2\/media?parent=10"}],"curies":[{"name":"wp","href":"https:\/\/api.w.org\/{rel}","templated":true}]}}