{"id":11,"date":"2024-01-22T11:52:32","date_gmt":"2024-01-22T10:52:32","guid":{"rendered":"https:\/\/rpennella.eleves.mediamatique.ch\/deco-cake-by-simo\/?page_id=11"},"modified":"2024-01-23T08:33:08","modified_gmt":"2024-01-23T07:33:08","slug":"acceuil","status":"publish","type":"page","link":"https:\/\/rpennella.eleves.mediamatique.ch\/deco-cake-by-simo\/","title":{"rendered":"deco-cake-by-simo"},"content":{"rendered":"\t\t<div data-elementor-type=\"wp-page\" data-elementor-id=\"11\" class=\"elementor elementor-11\" data-elementor-post-type=\"page\">\n\t\t\t\t<div class=\"elementor-element elementor-element-4520e69 e-flex e-con-boxed e-con e-parent\" data-id=\"4520e69\" data-element_type=\"container\" data-e-type=\"container\" data-settings=\"{&quot;background_background&quot;:&quot;classic&quot;}\">\n\t\t\t\t\t<div class=\"e-con-inner\">\n\t\t<div class=\"elementor-element elementor-element-9c27ff2 e-con-full e-flex e-con e-child\" data-id=\"9c27ff2\" data-element_type=\"container\" data-e-type=\"container\">\n\t\t\t\t<div class=\"elementor-element elementor-element-3be7ca6 elementor-widget elementor-widget-heading\" data-id=\"3be7ca6\" data-element_type=\"widget\" data-e-type=\"widget\" data-widget_type=\"heading.default\">\n\t\t\t\t<div class=\"elementor-widget-container\">\n\t\t\t\t\t<h2 class=\"elementor-heading-title elementor-size-default\">D\u00e9co cake by Simo<\/h2>\t\t\t\t<\/div>\n\t\t\t\t<\/div>\n\t\t\t\t<div class=\"elementor-element elementor-element-d164484 elementor-drop-cap-yes elementor-drop-cap-view-default elementor-widget elementor-widget-text-editor\" data-id=\"d164484\" data-element_type=\"widget\" data-e-type=\"widget\" data-settings=\"{&quot;drop_cap&quot;:&quot;yes&quot;}\" data-widget_type=\"text-editor.default\">\n\t\t\t\t<div class=\"elementor-widget-container\">\n\t\t\t\t\t\t\t\t\t\u00ab\u00a0Deco Cake by Simo\u00a0\u00bb est un tea room, une boutique et un atelier de d\u00e9coration de g\u00e2teaux situ\u00e9 \u00e0 Sainte-Croix. Simone, \u00e9galement connue sous le nom de Simo, est une professionnelle dans le domaine depuis plus d&rsquo;une d\u00e9cennie. Elle propose des g\u00e2teaux enti\u00e8rement personnalis\u00e9s, des ateliers de d\u00e9coration de g\u00e2teaux, ainsi qu&rsquo;un caf\u00e9 o\u00f9 vous pourrez d\u00e9guster un large choix de caf\u00e9s glac\u00e9s, de bubble tea MYO, et de d\u00e9licieuses p\u00e2tisseries.\t\t\t\t\t\t\t\t<\/div>\n\t\t\t\t<\/div>\n\t\t\t\t<div class=\"elementor-element elementor-element-7f0b548 elementor-widget elementor-widget-text-editor\" data-id=\"7f0b548\" data-element_type=\"widget\" data-e-type=\"widget\" data-widget_type=\"text-editor.default\">\n\t\t\t\t<div class=\"elementor-widget-container\">\n\t\t\t\t\t\t\t\t\t<p>Ne manquez aucune information ! Cliquez sur le bouton ci-dessous pour rester \u00e0 jour avec les derni\u00e8res actualit\u00e9s !<\/p>\t\t\t\t\t\t\t\t<\/div>\n\t\t\t\t<\/div>\n\t\t\t\t<div class=\"elementor-element elementor-element-9b2cc6c elementor-align-center elementor-widget elementor-widget-button\" data-id=\"9b2cc6c\" data-element_type=\"widget\" data-e-type=\"widget\" data-widget_type=\"button.default\">\n\t\t\t\t<div class=\"elementor-widget-container\">\n\t\t\t\t\t\t\t\t\t<div class=\"elementor-button-wrapper\">\n\t\t\t\t\t<a class=\"elementor-button elementor-button-link elementor-size-sm elementor-animation-grow\" href=\"#Formulaire\">\n\t\t\t\t\t\t<span class=\"elementor-button-content-wrapper\">\n\t\t\t\t\t\t\t\t\t<span class=\"elementor-button-text\">Inscrivez vous!<\/span>\n\t\t\t\t\t<\/span>\n\t\t\t\t\t<\/a>\n\t\t\t\t<\/div>\n\t\t\t\t\t\t\t\t<\/div>\n\t\t\t\t<\/div>\n\t\t\t\t<\/div>\n\t\t<div class=\"elementor-element elementor-element-95a7129 e-con-full e-flex e-con e-child\" data-id=\"95a7129\" data-element_type=\"container\" data-e-type=\"container\">\n\t\t\t\t<div class=\"elementor-element elementor-element-74c4953 elementor-widget elementor-widget-image\" data-id=\"74c4953\" data-element_type=\"widget\" data-e-type=\"widget\" data-widget_type=\"image.default\">\n\t\t\t\t<div class=\"elementor-widget-container\">\n\t\t\t\t\t\t\t\t\t\t\t\t\t\t\t\t<a href=\"#Formulaire\">\n\t\t\t\t\t\t\t<img fetchpriority=\"high\" decoding=\"async\" width=\"601\" height=\"1024\" src=\"https:\/\/rpennella.eleves.mediamatique.ch\/deco-cake-by-simo\/wp-content\/uploads\/2024\/01\/gateau-e1705925192207-601x1024.jpg\" class=\"attachment-large size-large wp-image-47\" alt=\"\" srcset=\"https:\/\/rpennella.eleves.mediamatique.ch\/deco-cake-by-simo\/wp-content\/uploads\/2024\/01\/gateau-e1705925192207-601x1024.jpg 601w, https:\/\/rpennella.eleves.mediamatique.ch\/deco-cake-by-simo\/wp-content\/uploads\/2024\/01\/gateau-e1705925192207-176x300.jpg 176w, https:\/\/rpennella.eleves.mediamatique.ch\/deco-cake-by-simo\/wp-content\/uploads\/2024\/01\/gateau-e1705925192207-768x1309.jpg 768w, https:\/\/rpennella.eleves.mediamatique.ch\/deco-cake-by-simo\/wp-content\/uploads\/2024\/01\/gateau-e1705925192207-901x1536.jpg 901w, https:\/\/rpennella.eleves.mediamatique.ch\/deco-cake-by-simo\/wp-content\/uploads\/2024\/01\/gateau-e1705925192207-1201x2048.jpg 1201w, https:\/\/rpennella.eleves.mediamatique.ch\/deco-cake-by-simo\/wp-content\/uploads\/2024\/01\/gateau-e1705925192207.jpg 1416w\" sizes=\"(max-width: 601px) 100vw, 601px\" \/>\t\t\t\t\t\t\t\t<\/a>\n\t\t\t\t\t\t\t\t\t\t\t\t\t\t\t<\/div>\n\t\t\t\t<\/div>\n\t\t\t\t<\/div>\n\t\t\t\t\t<\/div>\n\t\t\t\t<\/div>\n\t\t<div class=\"elementor-element elementor-element-c4aae7b e-con-full e-flex e-con e-parent\" data-id=\"c4aae7b\" data-element_type=\"container\" data-e-type=\"container\" data-settings=\"{&quot;background_background&quot;:&quot;slideshow&quot;,&quot;background_slideshow_gallery&quot;:[],&quot;background_slideshow_loop&quot;:&quot;yes&quot;,&quot;background_slideshow_slide_duration&quot;:5000,&quot;background_slideshow_slide_transition&quot;:&quot;fade&quot;,&quot;background_slideshow_transition_duration&quot;:500}\">\n\t\t\t\t<div class=\"elementor-element elementor-element-8e64182 elementor-widget elementor-widget-image\" data-id=\"8e64182\" data-element_type=\"widget\" data-e-type=\"widget\" data-widget_type=\"image.default\">\n\t\t\t\t<div class=\"elementor-widget-container\">\n\t\t\t\t\t\t\t\t\t\t\t\t\t\t\t<img decoding=\"async\" width=\"800\" height=\"20\" src=\"https:\/\/rpennella.eleves.mediamatique.ch\/deco-cake-by-simo\/wp-content\/uploads\/2024\/01\/vague-1024x26.png\" class=\"attachment-large size-large wp-image-87\" alt=\"\" srcset=\"https:\/\/rpennella.eleves.mediamatique.ch\/deco-cake-by-simo\/wp-content\/uploads\/2024\/01\/vague-1024x26.png 1024w, https:\/\/rpennella.eleves.mediamatique.ch\/deco-cake-by-simo\/wp-content\/uploads\/2024\/01\/vague-300x8.png 300w, https:\/\/rpennella.eleves.mediamatique.ch\/deco-cake-by-simo\/wp-content\/uploads\/2024\/01\/vague-768x19.png 768w, https:\/\/rpennella.eleves.mediamatique.ch\/deco-cake-by-simo\/wp-content\/uploads\/2024\/01\/vague-1536x38.png 1536w, https:\/\/rpennella.eleves.mediamatique.ch\/deco-cake-by-simo\/wp-content\/uploads\/2024\/01\/vague-2048x51.png 2048w\" sizes=\"(max-width: 800px) 100vw, 800px\" \/>\t\t\t\t\t\t\t\t\t\t\t\t\t\t\t<\/div>\n\t\t\t\t<\/div>\n\t\t<div class=\"elementor-element elementor-element-122ad7a e-flex e-con-boxed e-con e-child\" data-id=\"122ad7a\" data-element_type=\"container\" data-e-type=\"container\" data-settings=\"{&quot;background_background&quot;:&quot;classic&quot;}\">\n\t\t\t\t\t<div class=\"e-con-inner\">\n\t\t<div class=\"elementor-element elementor-element-2cb042c e-flex e-con-boxed e-con e-child\" data-id=\"2cb042c\" data-element_type=\"container\" data-e-type=\"container\">\n\t\t\t\t\t<div class=\"e-con-inner\">\n\t\t\t\t<div class=\"elementor-element elementor-element-c6a70e5 elementor-widget elementor-widget-html\" data-id=\"c6a70e5\" data-element_type=\"widget\" data-e-type=\"widget\" data-widget_type=\"html.default\">\n\t\t\t\t<div class=\"elementor-widget-container\">\n\t\t\t\t\t<iframe width=\"411\" height=\"731\" src=\"https:\/\/www.youtube.com\/embed\/ISvxk0jvUAY\" title=\"D\u00e9co cake by Simo PUB\/Tea room\" frameborder=\"0\" allow=\"accelerometer; autoplay; clipboard-write; encrypted-media; gyroscope; picture-in-picture; web-share\" allowfullscreen><\/iframe>\t\t\t\t<\/div>\n\t\t\t\t<\/div>\n\t\t\t\t\t<\/div>\n\t\t\t\t<\/div>\n\t\t<div class=\"elementor-element elementor-element-b91a157 e-flex e-con-boxed e-con e-child\" data-id=\"b91a157\" data-element_type=\"container\" data-e-type=\"container\">\n\t\t\t\t\t<div class=\"e-con-inner\">\n\t\t\t\t<div class=\"elementor-element elementor-element-b63765a elementor-widget elementor-widget-html\" data-id=\"b63765a\" data-element_type=\"widget\" data-e-type=\"widget\" data-widget_type=\"html.default\">\n\t\t\t\t<div class=\"elementor-widget-container\">\n\t\t\t\t\t<iframe width=\"411\" height=\"731\" src=\"https:\/\/www.youtube.com\/embed\/Fwag9Xgb5mc\" title=\"D\u00e9co cake by Simo PUB\/Atelier conception de gateau\" frameborder=\"0\" allow=\"accelerometer; autoplay; clipboard-write; encrypted-media; gyroscope; picture-in-picture; web-share\" allowfullscreen><\/iframe>\t\t\t\t<\/div>\n\t\t\t\t<\/div>\n\t\t\t\t\t<\/div>\n\t\t\t\t<\/div>\n\t\t\t\t\t<\/div>\n\t\t\t\t<\/div>\n\t\t\t\t<\/div>\n\t\t<div class=\"elementor-element elementor-element-80a15ff e-flex e-con-boxed e-con e-parent\" data-id=\"80a15ff\" data-element_type=\"container\" data-e-type=\"container\" id=\"Formulaire\" data-settings=\"{&quot;background_background&quot;:&quot;slideshow&quot;,&quot;background_slideshow_gallery&quot;:[{&quot;id&quot;:74,&quot;url&quot;:&quot;https:\\\/\\\/rpennella.eleves.mediamatique.ch\\\/deco-cake-by-simo\\\/wp-content\\\/uploads\\\/2024\\\/01\\\/fond.png&quot;}],&quot;shape_divider_top&quot;:&quot;mountains&quot;,&quot;background_slideshow_loop&quot;:&quot;yes&quot;,&quot;background_slideshow_slide_duration&quot;:5000,&quot;background_slideshow_slide_transition&quot;:&quot;fade&quot;,&quot;background_slideshow_transition_duration&quot;:500}\">\n\t\t\t\t\t<div class=\"e-con-inner\">\n\t\t\t\t<div class=\"elementor-shape elementor-shape-top\" aria-hidden=\"true\" data-negative=\"false\">\n\t\t\t<svg xmlns=\"http:\/\/www.w3.org\/2000\/svg\" viewBox=\"0 0 1000 100\" preserveAspectRatio=\"none\">\n\t<path class=\"elementor-shape-fill\" opacity=\"0.33\" d=\"M473,67.3c-203.9,88.3-263.1-34-320.3,0C66,119.1,0,59.7,0,59.7V0h1000v59.7 c0,0-62.1,26.1-94.9,29.3c-32.8,3.3-62.8-12.3-75.8-22.1C806,49.6,745.3,8.7,694.9,4.7S492.4,59,473,67.3z\"\/>\n\t<path class=\"elementor-shape-fill\" opacity=\"0.66\" d=\"M734,67.3c-45.5,0-77.2-23.2-129.1-39.1c-28.6-8.7-150.3-10.1-254,39.1 s-91.7-34.4-149.2,0C115.7,118.3,0,39.8,0,39.8V0h1000v36.5c0,0-28.2-18.5-92.1-18.5C810.2,18.1,775.7,67.3,734,67.3z\"\/>\n\t<path class=\"elementor-shape-fill\" d=\"M766.1,28.9c-200-57.5-266,65.5-395.1,19.5C242,1.8,242,5.4,184.8,20.6C128,35.8,132.3,44.9,89.9,52.5C28.6,63.7,0,0,0,0 h1000c0,0-9.9,40.9-83.6,48.1S829.6,47,766.1,28.9z\"\/>\n<\/svg>\t\t<\/div>\n\t\t<div class=\"elementor-element elementor-element-47131f6 e-flex e-con-boxed e-con e-child\" data-id=\"47131f6\" data-element_type=\"container\" data-e-type=\"container\">\n\t\t\t\t\t<div class=\"e-con-inner\">\n\t\t<div class=\"elementor-element elementor-element-cac757b e-flex e-con-boxed e-con e-child\" data-id=\"cac757b\" data-element_type=\"container\" data-e-type=\"container\" data-settings=\"{&quot;background_background&quot;:&quot;classic&quot;}\">\n\t\t\t\t\t<div class=\"e-con-inner\">\n\t\t\t\t<div class=\"elementor-element elementor-element-d146613 elementor-button-align-center elementor-widget__width-initial elementor-widget elementor-widget-form\" data-id=\"d146613\" data-element_type=\"widget\" data-e-type=\"widget\" data-settings=\"{&quot;step_next_label&quot;:&quot;Suivant&quot;,&quot;step_previous_label&quot;:&quot;Pr\\u00e9c\\u00e9dent&quot;,&quot;button_width&quot;:&quot;100&quot;,&quot;step_type&quot;:&quot;number_text&quot;,&quot;step_icon_shape&quot;:&quot;circle&quot;}\" data-widget_type=\"form.default\">\n\t\t\t\t<div class=\"elementor-widget-container\">\n\t\t\t\t\t\t\t<form class=\"elementor-form\" method=\"post\" name=\"formulaire d&#039;inscrire\">\n\t\t\t<input type=\"hidden\" name=\"post_id\" value=\"11\"\/>\n\t\t\t<input type=\"hidden\" name=\"form_id\" value=\"d146613\"\/>\n\t\t\t<input type=\"hidden\" name=\"referer_title\" value=\"\" \/>\n\n\t\t\t\n\t\t\t<div class=\"elementor-form-fields-wrapper elementor-labels-above\">\n\t\t\t\t\t\t\t\t<div class=\"elementor-field-type-email elementor-field-group elementor-column elementor-field-group-email elementor-col-100 elementor-field-required\">\n\t\t\t\t\t\t\t\t\t\t\t\t<label for=\"form-field-email\" class=\"elementor-field-label\">\n\t\t\t\t\t\t\t\tInscrit toi \u00e0 la Newsletter!\t\t\t\t\t\t\t<\/label>\n\t\t\t\t\t\t\t\t\t\t\t\t\t\t<input size=\"1\" type=\"email\" name=\"form_fields[email]\" id=\"form-field-email\" class=\"elementor-field elementor-size-sm  elementor-field-textual\" placeholder=\"E-mail\" required=\"required\" aria-required=\"true\">\n\t\t\t\t\t\t\t\t\t\t\t<\/div>\n\t\t\t\t\t\t\t\t<div class=\"elementor-field-type-text elementor-field-group elementor-column elementor-field-group-field_1aaf72e elementor-col-100\">\n\t\t\t\t\t\t\t\t\t\t\t\t<label for=\"form-field-field_1aaf72e\" class=\"elementor-field-label\">\n\t\t\t\t\t\t\t\tPr\u00e9nom & Nom\t\t\t\t\t\t\t<\/label>\n\t\t\t\t\t\t\t\t\t\t\t\t\t\t<input size=\"1\" type=\"text\" name=\"form_fields[field_1aaf72e]\" id=\"form-field-field_1aaf72e\" class=\"elementor-field elementor-size-sm  elementor-field-textual\" placeholder=\"Pr\u00e9nom &amp; Nom\">\n\t\t\t\t\t\t\t\t\t\t\t<\/div>\n\t\t\t\t\t\t\t\t<div class=\"elementor-field-group elementor-column elementor-field-type-submit elementor-col-100 e-form__buttons\">\n\t\t\t\t\t<button type=\"submit\" class=\"elementor-button elementor-size-md\">\n\t\t\t\t\t\t<span >\n\t\t\t\t\t\t\t\t\t\t\t\t\t\t\t<span class=\" elementor-button-icon\">\n\t\t\t\t\t\t\t\t\t\t\t\t\t\t\t\t\t\t\t\t\t\t\t\t\t\t<\/span>\n\t\t\t\t\t\t\t\t\t\t\t\t\t\t\t\t\t\t\t\t\t\t<span class=\"elementor-button-text\">S'inscrire<\/span>\n\t\t\t\t\t\t\t\t\t\t\t\t\t<\/span>\n\t\t\t\t\t<\/button>\n\t\t\t\t<\/div>\n\t\t\t<\/div>\n\t\t<\/form>\n\t\t\t\t\t\t<\/div>\n\t\t\t\t<\/div>\n\t\t\t\t\t<\/div>\n\t\t\t\t<\/div>\n\t\t\t\t\t<\/div>\n\t\t\t\t<\/div>\n\t\t\t\t\t<\/div>\n\t\t\t\t<\/div>\n\t\t\t\t<\/div>\n\t\t","protected":false},"excerpt":{"rendered":"<p>D\u00e9co cake by Simo \u00ab\u00a0Deco Cake by Simo\u00a0\u00bb est un tea room, une boutique et un atelier de d\u00e9coration de g\u00e2teaux situ\u00e9 \u00e0 Sainte-Croix. Simone, \u00e9galement connue sous le nom de Simo, est une professionnelle dans le domaine depuis plus d&rsquo;une d\u00e9cennie. Elle propose des g\u00e2teaux enti\u00e8rement personnalis\u00e9s, des ateliers de d\u00e9coration de g\u00e2teaux, ainsi [&hellip;]<\/p>\n","protected":false},"author":1,"featured_media":0,"parent":0,"menu_order":0,"comment_status":"closed","ping_status":"closed","template":"","meta":{"footnotes":""},"class_list":["post-11","page","type-page","status-publish","hentry"],"_links":{"self":[{"href":"https:\/\/rpennella.eleves.mediamatique.ch\/deco-cake-by-simo\/wp-json\/wp\/v2\/pages\/11","targetHints":{"allow":["GET"]}}],"collection":[{"href":"https:\/\/rpennella.eleves.mediamatique.ch\/deco-cake-by-simo\/wp-json\/wp\/v2\/pages"}],"about":[{"href":"https:\/\/rpennella.eleves.mediamatique.ch\/deco-cake-by-simo\/wp-json\/wp\/v2\/types\/page"}],"author":[{"embeddable":true,"href":"https:\/\/rpennella.eleves.mediamatique.ch\/deco-cake-by-simo\/wp-json\/wp\/v2\/users\/1"}],"replies":[{"embeddable":true,"href":"https:\/\/rpennella.eleves.mediamatique.ch\/deco-cake-by-simo\/wp-json\/wp\/v2\/comments?post=11"}],"version-history":[{"count":99,"href":"https:\/\/rpennella.eleves.mediamatique.ch\/deco-cake-by-simo\/wp-json\/wp\/v2\/pages\/11\/revisions"}],"predecessor-version":[{"id":184,"href":"https:\/\/rpennella.eleves.mediamatique.ch\/deco-cake-by-simo\/wp-json\/wp\/v2\/pages\/11\/revisions\/184"}],"wp:attachment":[{"href":"https:\/\/rpennella.eleves.mediamatique.ch\/deco-cake-by-simo\/wp-json\/wp\/v2\/media?parent=11"}],"curies":[{"name":"wp","href":"https:\/\/api.w.org\/{rel}","templated":true}]}}